{"id":977,"date":"2016-12-02T21:50:54","date_gmt":"2016-12-02T21:50:54","guid":{"rendered":"http:\/\/ruralroads.org\/fr\/?page_id=977"},"modified":"2020-08-11T17:53:57","modified_gmt":"2020-08-11T17:53:57","slug":"protection-de-lenvironnement","status":"publish","type":"page","link":"https:\/\/ruralroads.org\/fr\/protection-de-lenvironnement\/","title":{"rendered":"Protection de l&#8217;environnement**"},"content":{"rendered":"<p><img fetchpriority=\"high\" decoding=\"async\" class=\"wp-image-2160 aligncenter\" src=\"https:\/\/ruralroads.org\/fr\/wp-content\/uploads\/sites\/7\/2020\/04\/page20_nh4fgj_vy92t9_sens3u.jpg\" width=\"340\" height=\"238\" \/><\/p>\n<div>Les routes et l&#8217;environnement naturel sont inextricablement li\u00e9s, autant lors de construction, qu&#8217;apr\u00e8s. Si on n&#8217;a pas tenu compte de ces deux composantes au moment de la planification, les deux seront perdantes: la route sera moins durable et l&#8217;environnement local d\u00e9grad\u00e9. Bref, la route modifie l&#8217;\u00e9quilibre naturel et c&#8217;est la t\u00e2che du planificateur de limiter au moins les d\u00e9g\u00e2ts et, au mieux, d&#8217;exploiter le nouvel \u00e9quilibre.<\/div>\n<div id=\"page-content\">\n<p>&nbsp;<\/p>\n<p>Le pire ennemi de la route c&#8217;est l&#8217;eau. <img decoding=\"async\" class=\"wp-image-2162 alignright\" src=\"https:\/\/ruralroads.org\/fr\/wp-content\/uploads\/sites\/7\/2020\/04\/in_river_vder5h_fszagl-1_o2m1a2.jpg\" width=\"317\" height=\"181\" \/>Son action provoque un ravinement transversal ou longitudinal, \u00e9vacue la couche protectrice de gravier et, si on laisse l&#8217;eau stagner \u00e0 la surface, elle s&#8217;infiltre dans la couche de base et d\u00e9truit la route. Il faut donc canaliser l&#8217;eau en amont et l&#8217;\u00e9vacuer de la surface vers les foss\u00e9s le plus rapidement possible. Cependant, ces mesures peuvent causer des probl\u00e8mes ailleurs. Les mesures pr\u00e9ventives en amont peuvent g\u00eaner l&#8217;\u00e9coulement naturel. Les foss\u00e9s ont tendance \u00e0 concentrer et acc\u00e9l\u00e9rer le mouvement des masses d&#8217;eau, provoquant des inondations et l&#8217;\u00e9rosion accrue des sols en aval. Ainsi, il peut arriver que les mesures protectrices endommagent l&#8217;environnement naturel tout en entravant la gestion locale de l&#8217;eau.<\/p>\n<p>La construction routi\u00e8re est aussi destructrice, surtout si on fait appel au mat\u00e9riel lourd. Son utilisation exige des superficies consid\u00e9rables qui d\u00e9passent de loin celles n\u00e9cessaires \u00e0 la route. On \u00e9limine, ainsi, inutilement la couverture v\u00e9g\u00e9tale. De plus, le fonctionnement efficace de d&#8217;engins lourds peut imposer l&#8217;application de normes techniques exag\u00e9r\u00e9ment \u00e9lev\u00e9es. L&#8217;exploitation des carri\u00e8res g\u00e9n\u00e8re des \u00e9tendues d\u00e9nud\u00e9es, non seulement st\u00e9riles du point de vue agricole, mais aussi des points focaux o\u00f9 l&#8217;\u00e9rosion future s&#8217;installera et des \u00e9tangs stagnants se formeront. De plus, le ruissellement des surfaces d\u00e9nud\u00e9es, contenant de la terre en suspension, bloquera les foss\u00e9s et les buses et raccourcira la vie de la route.<\/p>\n<p>Malgr\u00e9 les meilleures intentions, les routes sont souvent agents de destruction environnementale, non seulement par la circulation accrue, mais aussi parce que le d\u00e9senclavement peut promouvoir des activit\u00e9s nuisibles, telle que l&#8217;exploitation foresti\u00e8re pour la fabrication du charbon de bois, fort profitable \u00e0 court terme, mais destructrice \u00e0 la longue.<\/p>\n<p>Les mesures d&#8217;att\u00e9nuation des impacts n\u00e9gatifs doivent \u00eatre int\u00e9gr\u00e9es \u00e0 la planification, leur mise en \u0153uvre tardive risquant d&#8217;\u00eatre co\u00fbteuse et m\u00eame impossible. On souligne que les <a href=\"http:\/\/ruralroads.org\/fr\/travaux-a-base-de-main-doeuvre\/\">m\u00e9thodes de construction \u00e0 base de main-d&#8217;\u0153uvre<\/a> sont \u00e0 favoriser, surtout si on comptabilise les co\u00fbts environnementaux de l&#8217;emploi du mat\u00e9riel lourd au moment de la planification. Il va sans dire qu&#8217;il faut restaurer la couverture v\u00e9g\u00e9tale des carri\u00e8res. Finalement, il faudra \u00e9valuer l&#8217;impact \u00e9ventuel de la route une fois construite \u00e0 partir d&#8217;une analyse men\u00e9e en collaboration avec la population locale, qui doit aussi participer \u00e0 la formulation des mesures d&#8217;att\u00e9nuation. Les travaux suppl\u00e9mentaires requis doivent \u00eatre clairement indiqu\u00e9s dans les documents d&#8217;appels d&#8217;offres.<\/p>\n<p align=\"center\"><span style=\"font-size: medium\"><b>Powerpoint presentation: Environment<\/b><\/span><\/p>\n<p>&nbsp;<\/p>\n<\/div>\n<p style=\"text-align: center\" align=\"center\"><div class=\"ead-preview\"><div class=\"ead-document\" style=\"position: relative;\"><div class=\"ead-iframe-wrapper\"><iframe src=\"\/\/docs.google.com\/viewer?url=http%3A%2F%2Fruralroads.org%2Fwp-content%2Fuploads%2Fimages%2F2016%2F01%2FEnvironment-1.ppt&amp;embedded=true&amp;hl=en\" title=\"Embedded Document\" class=\"ead-iframe\" style=\"width: 50%;height: 400px;border: none;visibility: hidden;\"><\/iframe><\/div>\t\t\t<div class=\"ead-document-loading\" style=\"width:100%;height:100%;position:absolute;left:0;top:0;z-index:10;\">\n\t\t\t\t<div class=\"ead-loading-wrap\">\n\t\t\t\t\t<div class=\"ead-loading-main\">\n\t\t\t\t\t\t<div class=\"ead-loading\">\n\t\t\t\t\t\t\t<img decoding=\"async\" src=\"https:\/\/ruralroads.org\/fr\/wp-content\/plugins\/embed-any-document\/images\/loading.svg\" width=\"55\" height=\"55\" alt=\"Loader\">\n\t\t\t\t\t\t\t<span>Loading...<\/span>\n\t\t\t\t\t\t<\/div>\n\t\t\t\t\t<\/div>\n\t\t\t\t\t<div class=\"ead-loading-foot\">\n\t\t\t\t\t\t<div class=\"ead-loading-foot-title\">\n\t\t\t\t\t\t\t<img loading=\"lazy\" decoding=\"async\" src=\"https:\/\/ruralroads.org\/fr\/wp-content\/plugins\/embed-any-document\/images\/EAD-logo.svg\" alt=\"EAD Logo\" width=\"36\" height=\"23\"\/>\n\t\t\t\t\t\t\t<span>Taking too long?<\/span>\n\t\t\t\t\t\t<\/div>\n\t\t\t\t\t\t<p>\n\t\t\t\t\t\t\t<div class=\"ead-document-btn ead-reload-btn\" role=\"button\">\n\t\t\t\t\t\t\t\t<img loading=\"lazy\" decoding=\"async\" src=\"https:\/\/ruralroads.org\/fr\/wp-content\/plugins\/embed-any-document\/images\/reload.svg\" alt=\"Reload\" width=\"12\" height=\"12\"\/> Reload document\t\t\t\t\t\t\t<\/div>\n\t\t\t\t\t\t\t<span>|<\/span>\n\t\t\t\t\t\t\t<a href=\"https:\/\/docs.google.com\/viewer?url=http%3A%2F%2Fruralroads.org%2Fwp-content%2Fuploads%2Fimages%2F2016%2F01%2FEnvironment-1.ppt&#038;hl=en\" class=\"ead-document-btn\" target=\"_blank\">\n\t\t\t\t\t\t\t\t<img loading=\"lazy\" decoding=\"async\" src=\"https:\/\/ruralroads.org\/fr\/wp-content\/plugins\/embed-any-document\/images\/open.svg\" alt=\"Open\" width=\"12\" height=\"12\"\/> Open in new tab\t\t\t\t\t\t\t<\/a>\n\t\t\t\t\t<\/div>\n\t\t\t\t<\/div>\n\t\t\t<\/div>\n\t\t<\/div><\/div><\/p>\n<p style=\"text-align: center\" align=\"center\">\n","protected":false},"excerpt":{"rendered":"<p>Les routes et l&#8217;environnement naturel sont inextricablement li\u00e9s, autant lors de construction, qu&#8217;apr\u00e8s. Si on n&#8217;a pas tenu compte de ces deux composantes au moment de la planification, les deux seront perdantes: la route sera moins durable et l&#8217;environnement local&hellip; <\/p>\n","protected":false},"author":3,"featured_media":0,"parent":0,"menu_order":0,"comment_status":"closed","ping_status":"closed","template":"","meta":{"_uag_custom_page_level_css":"","footnotes":""},"class_list":["post-977","page","type-page","status-publish","hentry"],"uagb_featured_image_src":{"full":false,"thumbnail":false,"medium":false,"medium_large":false,"large":false,"1536x1536":false,"2048x2048":false,"travelify-featured":false,"travelify-featured-medium":false,"travelify-slider":false,"travelify-gallery":false,"menu-24x24":false,"menu-36x36":false,"menu-48x48":false},"uagb_author_info":{"display_name":"davidtighe","author_link":"https:\/\/ruralroads.org\/fr\/author\/davidtighe\/"},"uagb_comment_info":0,"uagb_excerpt":"Les routes et l&#8217;environnement naturel sont inextricablement li\u00e9s, autant lors de construction, qu&#8217;apr\u00e8s. Si on n&#8217;a pas tenu compte de ces deux composantes au moment de la planification, les deux seront perdantes: la route sera moins durable et l&#8217;environnement local&hellip;","jetpack_sharing_enabled":true,"_links":{"self":[{"href":"https:\/\/ruralroads.org\/fr\/wp-json\/wp\/v2\/pages\/977","targetHints":{"allow":["GET"]}}],"collection":[{"href":"https:\/\/ruralroads.org\/fr\/wp-json\/wp\/v2\/pages"}],"about":[{"href":"https:\/\/ruralroads.org\/fr\/wp-json\/wp\/v2\/types\/page"}],"author":[{"embeddable":true,"href":"https:\/\/ruralroads.org\/fr\/wp-json\/wp\/v2\/users\/3"}],"replies":[{"embeddable":true,"href":"https:\/\/ruralroads.org\/fr\/wp-json\/wp\/v2\/comments?post=977"}],"version-history":[{"count":5,"href":"https:\/\/ruralroads.org\/fr\/wp-json\/wp\/v2\/pages\/977\/revisions"}],"predecessor-version":[{"id":2283,"href":"https:\/\/ruralroads.org\/fr\/wp-json\/wp\/v2\/pages\/977\/revisions\/2283"}],"wp:attachment":[{"href":"https:\/\/ruralroads.org\/fr\/wp-json\/wp\/v2\/media?parent=977"}],"curies":[{"name":"wp","href":"https:\/\/api.w.org\/{rel}","templated":true}]}}