{"id":923,"date":"2016-01-23T17:19:42","date_gmt":"2016-01-23T17:19:42","guid":{"rendered":"http:\/\/ruralroads.org\/fra\/?page_id=923"},"modified":"2018-11-23T20:12:39","modified_gmt":"2018-11-23T20:12:39","slug":"histoire-de-la-conception-routiere","status":"publish","type":"page","link":"https:\/\/ruralroads.org\/fr\/histoire-de-la-conception-routiere\/","title":{"rendered":"Histoire de la conception routi\u00e8re**"},"content":{"rendered":"<div id=\"page-title\"><\/div>\n<div id=\"page-content\">\n<div id=\"page-content\">\n<h2><\/h2>\n<p align=\"left\">\n<p style=\"text-align: center;\"><img fetchpriority=\"high\" decoding=\"async\" class=\"aligncenter\" src=\"http:\/\/www.ruralroads.org\/wp-content\/uploads\/images\/roadsurface.jpg\" alt=\"stone paving\" width=\"312\" height=\"234\" \/>Route romaine pr\u00e9s de Sommi\u00e8res, Gard<\/p>\n<p align=\"left\">Les <a href=\"http:\/\/ruralroads.org\/fr\/road-systems\/\">routes romaines<\/a> \u00e9taient excessivement solides, se ressemblant \u00e0 un mur enfonc\u00e9 dans le sol. Il comprenait quatre couches: la fondation, en dalles empil\u00e9es dans le mortier; ensuite on y ajoutait une couche de ma\u00e7onnerie, compos\u00e9e de petits mat\u00e9riaux; ces deux couches \u00e9taient prot\u00e9g\u00e9es par un &#8220;nucleus&#8221;; et enfin on posait la surface de roulement, soit en pierres cass\u00e9es, soit des dalles ou des briques.<\/p>\n<p><img decoding=\"async\" class=\"aligncenter\" src=\"http:\/\/www.ruralroads.org\/wp-content\/uploads\/images\/romanroadconstr.gif\" alt=\"\" \/><\/p>\n<p>Apr\u00e8s la chute de l&#8217;Empire romain, la technologie de construction des routes s&#8217;est perdue pendant mille ans. Sa perte s&#8217;est fait sentir quand l&#8217;expansion rapide du commerce interne au dix-septi\u00e8me si\u00e8cle au Royaume-unie a caus\u00e9 un accroissement de la taille et du nombre de v\u00e9hicules \u00e0 roues. Au d\u00e9part, ces v\u00e9hicules repr\u00e9sentaient surtout une nuisance pour les <a href=\"http:\/\/ruralroads.org\/fr\/histoire-de-la-gestion-routiere\/\">responsables de l&#8217;entretien des routes,<\/a> sans ressources pour s&#8217;acquitter de leur mandat. Apr\u00e8s avoir tent\u00e9 sans succ\u00e8s de dompter la demande par des mesures coercitives, facilement contourn\u00e9es par les usagers, au dix-huiti\u00e8me si\u00e8cle des efforts s\u00e9rieux furent entrepris pour concevoir des routes capables de porter le poids de ce trafic.<\/p>\n<p>Les savants ne se mettaient pas d&#8217;accord sur la conception id\u00e9ale. Certains proposaient une forme concave, ou m\u00eame de placer les routes dans une tranch\u00e9e pour en faciliter le nettoyage p\u00e9riodique \u00e0 grande eau. D&#8217;autres, plus r\u00e9alistes, proposaient une construction en pente lat\u00e9rale, une solution peut-\u00eatre techniquement acceptable mais peu s\u00e9curitaire.<\/p>\n<p>Cependant, un consensus sur des principes de base commen\u00e7ait \u00e0 \u00e9merger, surtout la n\u00e9cessit\u00e9 d&#8217;un bon drainage. Au milieu du si\u00e8cle, Tressaguet, en France, et Metcalfe, au Royaume-Uni, propos\u00e8rent une m\u00e9thode de construction s&#8217;appuyant sur une couche de fondation solide bien prot\u00e9g\u00e9e contre l&#8217;infiltration, form\u00e9e de grosses pierres, sur lesquelles on ajoutait plusieurs couches de pierres progressivement plus petites. La couche de roulement convexe permettait d&#8217;\u00e9vacuer l&#8217;eau. Si cette conception s&#8217;est av\u00e9r\u00e9e tr\u00e8s r\u00e9sistante, sa construction et son entretien \u00e9taient co\u00fbteux.<\/p>\n<p align=\"left\"><img decoding=\"async\" class=\"aligncenter\" src=\"http:\/\/www.ruralroads.org\/wp-content\/uploads\/images\/tressaguet.jpg\" alt=\"\" \/><\/p>\n<p align=\"left\">Vers la fin du si\u00e8cle, Telford proposa un concept plus robuste, peut-\u00eatre trop pour les <a href=\"http:\/\/ruralroads.org\/fr\/road-transport\/\">besoins de l&#8217;\u00e9poque <\/a> (il attendait avec impatience les lourds <a href=\"http:\/\/ruralroads.org\/fr\/steam-road-vehicles\/\">v\u00e9hicules routiers auto-propuls\u00e9s<\/a> qui, apr\u00e8s une br\u00e8ve sortie pendant les ann\u00e9es trente, ne se sont mat\u00e9rialis\u00e9s que presque cent ans plus tard). La fondation solide et l&#8217;\u00e9paisseur de la route de Telford, jug\u00e9es essentielles pour compenser l&#8217;instabilit\u00e9 du terrain, entra\u00eenaient aussi des d\u00e9penses \u00e9lev\u00e9es de construction et d&#8217;entretien.<\/p>\n<p align=\"center\"><img decoding=\"async\" src=\"http:\/\/www.ruralroads.org\/wp-content\/uploads\/images\/telford.jpg\" alt=\"telford\" \/><\/p>\n<p align=\"left\">Enfin, <a href=\"https:\/\/en.wikipedia.org\/wiki\/Macadam\">Macadam<\/a> a propos\u00e9 l&#8217;approche la plus \u00e9conomique, celle qu&#8217;on utilise encore aujourd&#8217;hui. Cette m\u00e9thode exige un tr\u00e8s bon drainage du sol afin qu&#8217;il reste sec et solide. Les couches successives peuvent ainsi \u00eatre plus minces et la route moins ch\u00e8re \u00e0 construire et \u00e0 entretenir. \u00c0 l&#8217;encontre de ces pr\u00e9d\u00e9cesseurs, il affirmait que l&#8217;\u00e9paisseur d&#8217;une route d\u00e9pend de son r\u00f4le de protecteur de la fondation et n&#8217;est pas dict\u00e9 par la n\u00e9cessit\u00e9 de supporter de grands poids.<\/p>\n<p><img decoding=\"async\" class=\"aligncenter\" src=\"http:\/\/www.ruralroads.org\/wp-content\/uploads\/images\/macadam.jpg\" alt=\"macadam\" \/><\/p>\n<\/div>\n<\/div>\n","protected":false},"excerpt":{"rendered":"<p>Route romaine pr\u00e9s de Sommi\u00e8res, Gard Les routes romaines \u00e9taient excessivement solides, se ressemblant \u00e0 un mur enfonc\u00e9 dans le sol. Il comprenait quatre couches: la fondation, en dalles empil\u00e9es dans le mortier; ensuite on y ajoutait une couche de&hellip; <\/p>\n","protected":false},"author":3,"featured_media":0,"parent":0,"menu_order":0,"comment_status":"closed","ping_status":"closed","template":"","meta":{"_uag_custom_page_level_css":"","footnotes":""},"class_list":["post-923","page","type-page","status-publish","hentry"],"uagb_featured_image_src":{"full":false,"thumbnail":false,"medium":false,"medium_large":false,"large":false,"1536x1536":false,"2048x2048":false,"travelify-featured":false,"travelify-featured-medium":false,"travelify-slider":false,"travelify-gallery":false,"menu-24x24":false,"menu-36x36":false,"menu-48x48":false},"uagb_author_info":{"display_name":"davidtighe","author_link":"https:\/\/ruralroads.org\/fr\/author\/davidtighe\/"},"uagb_comment_info":0,"uagb_excerpt":"Route romaine pr\u00e9s de Sommi\u00e8res, Gard Les routes romaines \u00e9taient excessivement solides, se ressemblant \u00e0 un mur enfonc\u00e9 dans le sol. Il comprenait quatre couches: la fondation, en dalles empil\u00e9es dans le mortier; ensuite on y ajoutait une couche de&hellip;","jetpack_sharing_enabled":true,"_links":{"self":[{"href":"https:\/\/ruralroads.org\/fr\/wp-json\/wp\/v2\/pages\/923","targetHints":{"allow":["GET"]}}],"collection":[{"href":"https:\/\/ruralroads.org\/fr\/wp-json\/wp\/v2\/pages"}],"about":[{"href":"https:\/\/ruralroads.org\/fr\/wp-json\/wp\/v2\/types\/page"}],"author":[{"embeddable":true,"href":"https:\/\/ruralroads.org\/fr\/wp-json\/wp\/v2\/users\/3"}],"replies":[{"embeddable":true,"href":"https:\/\/ruralroads.org\/fr\/wp-json\/wp\/v2\/comments?post=923"}],"version-history":[{"count":5,"href":"https:\/\/ruralroads.org\/fr\/wp-json\/wp\/v2\/pages\/923\/revisions"}],"predecessor-version":[{"id":2139,"href":"https:\/\/ruralroads.org\/fr\/wp-json\/wp\/v2\/pages\/923\/revisions\/2139"}],"wp:attachment":[{"href":"https:\/\/ruralroads.org\/fr\/wp-json\/wp\/v2\/media?parent=923"}],"curies":[{"name":"wp","href":"https:\/\/api.w.org\/{rel}","templated":true}]}}