{"id":904,"date":"2016-01-23T16:52:32","date_gmt":"2016-01-23T16:52:32","guid":{"rendered":"http:\/\/ruralroads.org\/fra\/?page_id=904"},"modified":"2018-12-26T19:39:52","modified_gmt":"2018-12-26T19:39:52","slug":"appui-aux-petites-enterprises-de-construction","status":"publish","type":"page","link":"https:\/\/ruralroads.org\/fr\/appui-aux-petites-enterprises-de-construction\/","title":{"rendered":"Appui aux petites entreprises de construction**"},"content":{"rendered":"<div id=\"page-title\"><\/div>\n<div id=\"page-content\">\n<h2><\/h2>\n<p>Il serait t\u00e9m\u00e9raire de remettre en question la croyance populaire qui veut que le secteur priv\u00e9 soit plus efficace que le secteur public. Cette croyance est loin d&#8217;\u00eatre totalement fausse. Les d\u00e9passements de co\u00fbts ne risquent pas de mettre un ministre en faillite. Les fonctionnaires consciencieux sont rarement r\u00e9compens\u00e9s pour des efforts audacieux et risquent m\u00eame des critiques. Par contre, les entreprises et leurs employ\u00e9s doivent se soumettre aux principes de survie darwiniens.<\/p>\n<p>N\u00e9anmoins, l&#8217;encadrement des entreprises et la gestion des contrats n\u00e9cessitent une fonction publique honn\u00eate et comp\u00e9tente. Les entreprises de construction comp\u00e9tentes et fiables existent certes mais sont encore rares, puisque les gouvernements ont jusqu&#8217;\u00e0 r\u00e9cemment monopolis\u00e9 les comp\u00e9tences et les occasions de les appliquer. Id\u00e9alement, le secteur public devrait servir d&#8217;incubateur aux futurs entrepreneurs, puisque la dominance du secteur public tire maintenant \u00e0 sa fin. Ses propres ressources diminuent et c&#8217;est le secteur priv\u00e9 qui doit de maintenant construire et entretenir les routes sur une base contractuelle.<\/p>\n<p>Le gouvernement central n&#8217;a jamais \u00e9t\u00e9 le choix id\u00e9al, autant pour la planification que l&#8217;entretien des petits projets routiers en milieu rural. Les chantiers sont \u00e9loign\u00e9s tandis que les comp\u00e9tences s&#8217;agglutinent autour de la capitale. Sur une petite \u00e9chelle, d&#8217;une dur\u00e9e limit\u00e9e et tr\u00e8s dispers\u00e9s, les travaux routiers en milieu rural ne peuvent assurer des emplois \u00e0 plein temps. De toute fa\u00e7on, si on s&#8217;occupait s\u00e9rieusement du r\u00e9seau rural, les effectifs gouvernementaux seraient vite d\u00e9pass\u00e9s.<\/p>\n<p>La d\u00e9centralisation de la gestion alli\u00e9e \u00e0 l&#8217;implication maximale des firmes locales est donc devenue essentielle. Ceux qui sont les mieux situ\u00e9s sur place pour obtenir des r\u00e9ponses doivent eux-m\u00eames poser les <a href=\"https:\/\/ruralroads.org\/fr\/questions-cles-2\/\">questions de base<\/a>. Le gouvernement central a le double r\u00f4le d&#8217;arbitre et de participant au financement. Il devra mettre en place les conditions qui garantiront, en premier lieu, que les investissements en infrastructures assureront la meilleure contribution possible \u00e0 <a href=\"http:\/\/ruralroads.org\/fr\/mobilite-et-accessibilite\/\">l&#8217;accessibilit\u00e9<\/a> locale et, ensuite, qu&#8217;on disposera localement des ressources n\u00e9cessaires \u00e0 leur ex\u00e9cution. Au besoin, ses ing\u00e9nieurs assureront l&#8217;appui technique aux gestionnaires locales.<\/p>\n<p>Les entreprises comp\u00e9tentes auxquelles on peut faire appel se situent sur un continuum sectoriel, allant de l&#8217;informel au structur\u00e9. D&#8217;un c\u00f4t\u00e9, on retrouve de simples fournisseurs de main d&#8217;\u0153uvre pour l&#8217;entretien courant, ne poss\u00e9dant que des outils l\u00e9gers et des bicyclettes. \u00c0 l&#8217;autre extr\u00eame se trouvent des soci\u00e9t\u00e9s dot\u00e9es d&#8217;un personnel hi\u00e9rarchis\u00e9 et poss\u00e9dant des comp\u00e9tences techniques et en gestion, et d&#8217;un parc de mat\u00e9riel l\u00e9ger, capables \u00e0 ex\u00e9cuter des projets d&#8217;envergure de pr\u00e9f\u00e9rence \u00e0 <a href=\"https:\/\/ruralroads.org\/fr\/travaux-a-base-de-main-doeuvre\/\">base de main-d&#8217;\u0153uvre.<\/a> Entre ces deux p\u00f4les on pourra trouver des groupements semi-structur\u00e9s d&#8217;artisans qui s&#8217;occupent de la construction et de la r\u00e9paration des structures de drainage et assurent la main-d&#8217;\u0153uvre en sous-traitance dans les grands projets.<\/p>\n<p>Le probl\u00e8me c&#8217;est que ces entreprises, ainsi que les structures pour les g\u00e9rer, manquent encore en milieu rural. S\u2019il est relativement facile de mener \u00e0 bien, avec un encadrement serr\u00e9, un projet de construction routi\u00e8re, il est tr\u00e8s difficile de garantir cette durabilit\u00e9 qui ne peut \u00eatre assur\u00e9e que par la prise en charge locale. La pr\u00e9paration de ces projets est ardue, tant au niveau de la formation que du renforcement des structures pour ensuite exploiter les comp\u00e9tences acquises, soit sur le prolongement du m\u00eame chantier, soit ailleurs sur d&#8217;autres projets. La formation des groupements informels ne n\u00e9cessite que quelques jours, essentiellement sur le tas. Pour les travaux plus complexes, par contre, les besoins en formation th\u00e9orique et sur le tas grimpent rapidement, et peuvent s&#8217;\u00e9taler sur plusieurs mois. La formation\u00a0 ne peut seule assurer l&#8217;\u00e9mergence et la survie subs\u00e9quente des entreprises durables. En m\u00eame temps il faut pr\u00e9voir des programmes parall\u00e8les permettraient de cibler les entraves \u00e0 la survie des ses entrepreneurs du c\u00f4t\u00e9 de la demande puisque a demande pour les entreprises de construction est g\u00e9n\u00e9ralement tr\u00e8s faible en milieu rural. Il faut donc promouvoir la polyvalence pour qu&#8217;elles puissent accepter d&#8217;autres travaux, tels que la construction de maisons, d&#8217;\u00e9coles ou de dispensaires\u00a0 <a href=\"http:\/\/ruralroads.org\/fr\/analyse-du-niveau-daccessibilite-aux-services\/\">compl\u00e9mentaires aux r\u00e9seaux routiers. <\/a>Dans la m\u00eame veine, il ne faut pas ex\u00e9cuter les projets routiers en vase clos, mais les situer dans un programme de r\u00e9habilitation d&#8217;un r\u00e9seau extensif. On conserve ainsi les acquis en formation et on assure une demande stable pour les entreprises.<\/p>\n<p>La demande dans le secteur est fort volatile et l&#8217;acc\u00e8s au cr\u00e9dit est vital pour traverser les p\u00e9riodes tranquilles. Les administrations payent tr\u00e8s tardivement leurs factures, cr\u00e9ant le besoin de cr\u00e9dit suppl\u00e9mentaire \u00e0 court terme. Toutefois, la prudence est de rigueur si on veut appuyer les organismes de financement. Il faut plut\u00f4t s&#8217;attaquer \u00e0 la racine en r\u00e9duisant le besoin d&#8217;emprunter. Il faut donc d\u00e9courager les tendances aux investissements excessifs des entrepreneurs, en appuyant, par exemple, la diffusion de la <a href=\"http:\/\/ruralroads.org\/fr\/choix-de-technologie\/\">technologie \u00e0 base de main-d&#8217;\u0153uvre<\/a> et par l&#8217;aide \u00e0 l&#8217;achat d&#8217;engins l\u00e9gers et polyvalents afin qu&#8217;on peut facilement entreprendre d&#8217;autres travaux. Il faut en m\u00eame temps exiger la mise en place de proc\u00e9dures administratives rapides et transparentes, surtout quand on a affaire avec le secteur informel, qui risque davantage de perdre ses employ\u00e9s, et donc, les bienfaits de la formation. Les retards des paiements peuvent m\u00eame avoir des effets pervers pour une strat\u00e9gie favorisant l&#8217;emploi. On risque non seulement de perdre \u00e0 jamais les bonnes entreprises, mais on peut arriver \u00e0 les obliger \u00e0 acheter des engins totalement amortis et bon march\u00e9, plus facile \u00e0 g\u00e9rer que la main-d&#8217;\u0153uvre d\u00e9courag\u00e9e.<\/p>\n<p>Il va sans dire qu&#8217;il faut s&#8217;assurer que les proc\u00e9dures d&#8217;appels d&#8217;offres permettent \u00e0 toute entreprise, grande ou petite,\u00a0 de se livrer une concurrence \u00e9gale. Il faut aussi promouvoir la sous-traitance locale sur des grands projets. Finalement, le gouvernement doit \u00e9liminer l&#8217;ensemble des anomalies fiscales et l\u00e9gislatives qui entravent la concurrence et, en <a href=\"http:\/\/ruralroads.org\/fr\/la-lutte-contre-la-corruption\/\">encourageant la fraude<\/a>, exacerbent la vuln\u00e9rabilit\u00e9 des entreprises les plus honn\u00eates.<\/p>\n<\/div>\n","protected":false},"excerpt":{"rendered":"<p>Il serait t\u00e9m\u00e9raire de remettre en question la croyance populaire qui veut que le secteur priv\u00e9 soit plus efficace que le secteur public. Cette croyance est loin d&#8217;\u00eatre totalement fausse. Les d\u00e9passements de co\u00fbts ne risquent pas de mettre un&hellip; <\/p>\n","protected":false},"author":3,"featured_media":0,"parent":0,"menu_order":0,"comment_status":"closed","ping_status":"closed","template":"","meta":{"_uag_custom_page_level_css":"","footnotes":""},"class_list":["post-904","page","type-page","status-publish","hentry"],"uagb_featured_image_src":{"full":false,"thumbnail":false,"medium":false,"medium_large":false,"large":false,"1536x1536":false,"2048x2048":false,"travelify-featured":false,"travelify-featured-medium":false,"travelify-slider":false,"travelify-gallery":false,"menu-24x24":false,"menu-36x36":false,"menu-48x48":false},"uagb_author_info":{"display_name":"davidtighe","author_link":"https:\/\/ruralroads.org\/fr\/author\/davidtighe\/"},"uagb_comment_info":0,"uagb_excerpt":"Il serait t\u00e9m\u00e9raire de remettre en question la croyance populaire qui veut que le secteur priv\u00e9 soit plus efficace que le secteur public. Cette croyance est loin d&#8217;\u00eatre totalement fausse. Les d\u00e9passements de co\u00fbts ne risquent pas de mettre un&hellip;","jetpack_sharing_enabled":true,"_links":{"self":[{"href":"https:\/\/ruralroads.org\/fr\/wp-json\/wp\/v2\/pages\/904","targetHints":{"allow":["GET"]}}],"collection":[{"href":"https:\/\/ruralroads.org\/fr\/wp-json\/wp\/v2\/pages"}],"about":[{"href":"https:\/\/ruralroads.org\/fr\/wp-json\/wp\/v2\/types\/page"}],"author":[{"embeddable":true,"href":"https:\/\/ruralroads.org\/fr\/wp-json\/wp\/v2\/users\/3"}],"replies":[{"embeddable":true,"href":"https:\/\/ruralroads.org\/fr\/wp-json\/wp\/v2\/comments?post=904"}],"version-history":[{"count":3,"href":"https:\/\/ruralroads.org\/fr\/wp-json\/wp\/v2\/pages\/904\/revisions"}],"predecessor-version":[{"id":2133,"href":"https:\/\/ruralroads.org\/fr\/wp-json\/wp\/v2\/pages\/904\/revisions\/2133"}],"wp:attachment":[{"href":"https:\/\/ruralroads.org\/fr\/wp-json\/wp\/v2\/media?parent=904"}],"curies":[{"name":"wp","href":"https:\/\/api.w.org\/{rel}","templated":true}]}}