{"id":901,"date":"2016-01-23T16:50:56","date_gmt":"2016-01-23T16:50:56","guid":{"rendered":"http:\/\/ruralroads.org\/fra\/?page_id=901"},"modified":"2016-01-23T16:50:56","modified_gmt":"2016-01-23T16:50:56","slug":"surfaces-de-roulement-a-faibles-couts","status":"publish","type":"page","link":"https:\/\/ruralroads.org\/fr\/surfaces-de-roulement-a-faibles-couts\/","title":{"rendered":"Surfaces de roulement \u00e0 faibles co\u00fbts"},"content":{"rendered":"<div id=\"main-content\">\n<div id=\"page-title\"><\/div>\n<p align=\"center\">\u00a0<img decoding=\"async\" src=\"http:\/\/www.ruralroads.org\/wp-content\/uploads\/images\/roadsurface.jpg\" alt=\"stone paving\" \/><\/p>\n<\/div>\n<div id=\"page-content\">\n<h2><\/h2>\n<p align=\"left\">Le gravier naturel offre une solution \u00e9conomique aux probl\u00e8mes d&#8217;accessibilit\u00e9 rurale dans de nombreux pays du tiers monde. Ce mat\u00e9riaux propose une option \u00e0 mi-chemin entre une surface en terre naturelle et l&#8217;inclusion d&#8217;une couche r\u00e9sistante, normalement bitumineuse. Le gravier s&#8217;impose si certaines conditions sont satisfaites, telles que disponibilit\u00e9 de la mati\u00e8re premi\u00e8re proche du site de construction, associ\u00e9e \u00e0 un \u00e9pandage ex\u00e9cut\u00e9 selon les normes techniques, pentes longitudinales inf\u00e9rieures \u00e0 6%, pluviom\u00e9trie modeste, circulation r\u00e9duite, et garantie que les ressources seront disponibles pour le renouvellement p\u00e9riodique de la couche de surface.<\/p>\n<p>Malheureusement, ces exigences sont rarement satisfaites. Les mat\u00e9riaux, lat\u00e9ritiques ou autres, sont rares. Ceux de bonne qualit\u00e9, encore disponibles aujourd&#8217;hui, sont souvent localis\u00e9s loin des routes. Les pentes sont souvent raides sur les routes \u00e0 bas volume de circulation, afin de minimiser les co\u00fbts de construction. La pluviom\u00e9trie a tendance \u00eatre intense et de surcro\u00eet concentr\u00e9e dans une p\u00e9riode relativement courte. En contrepartie, la poussi\u00e8re g\u00e9n\u00e9r\u00e9e par l&#8217;action des roues des v\u00e9hicules pendant la longue saison s\u00e8che m\u00e8ne \u00e0 la d\u00e9sint\u00e9gration de la couche de roulement, emport\u00e9e ensuite pendant la saison des pluies, surtout sur les pentes. <a href=\"http:\/\/www.ruralroads.org\/fr\/maintainfr.shtml\">L&#8217;entretien<\/a> co\u00fbte cher, en particulier le renouvellement p\u00e9riodique de la couche de gravier \u00e0 des intervalles de trois \u00e0 cinq ans. Ainsi, les routes en gravier b\u00e9n\u00e9ficient rarement d&#8217;un entretien syst\u00e9matique. Plusieurs redeviennent des routes en terre, \u00e0 plus ou moins longue \u00e9ch\u00e9ance.<\/p>\n<p>On note aussi des <a href=\"http:\/\/www.ruralroads.org\/fr\/envirofr.shtml\">probl\u00e8mes environnementaux<\/a>. Les carri\u00e8res, une fois exploit\u00e9es, se remplissent souvent d&#8217;eau, provoquant l&#8217;\u00e9rosion et formant des lieux propices \u00e0 la propagation des maladies, tandis que la poussi\u00e8re soulev\u00e9e par les v\u00e9hicules pendant la saison s\u00e8che cr\u00e9e une menace \u00e0 la s\u00e9curit\u00e9 et \u00e0 la sant\u00e9.<\/p>\n<p>Heureusement, il existent de nombreuses alternatives pour la construction de la couche de roulement employant des mat\u00e9riaux disponibles localement. Elles offrent des solutions parfois moins co\u00fbteuses, et en m\u00eame temps plus appropri\u00e9es, plus viables \u00e9conomiquement et surtout plus durables. Leurs exigences en mati\u00e8re d&#8217;entretien seront moindre que celles des couches de roulement en gravier, non seulement en termes de co\u00fbt, mais aussi en \u00e9liminant l&#8217;emploi de mat\u00e9riel lourd pour le transport et la compaction. On peut ainsi envisager l&#8217;implication plus facile des <a href=\"http:\/\/www.ruralroads.org\/fr\/smallentfr.shtml\">petites entreprises<\/a> locales qui utilisent des <a href=\"http:\/\/www.ruralroads.org\/fr\/labourfr.shtml\">m\u00e9thodes \u00e0 base de main d&#8217;\u0153uvre<\/a> et du mat\u00e9riel l\u00e9ger.<\/p>\n<p>On constate donc que la &#8220;fen\u00eatre d&#8217;opportunit\u00e9&#8221; pour le gravier se trouve menac\u00e9e, d&#8217;un c\u00f4t\u00e9, par les routes en terre, et de l&#8217;autre, par ces nouvelles alternatives. Le co\u00fbt additionnel de la couche de roulement en gravier est relativement \u00e9lev\u00e9, compte tenu de sa faible durabilit\u00e9, qui m\u00e8ne \u00e0 une r\u00e9duction rapide du niveau de service offert aux usagers \u00e0 mesure qu&#8217;elle se d\u00e9t\u00e9riore. D&#8217;un autre c\u00f4t\u00e9, les surfaces alternatives, plusieurs perfectionn\u00e9es il y a de nombreuses ann\u00e9es, peuvent se justifier maintenant pour des niveaux de circulation plus modestes qu&#8217;auparavant. On cite, entres autres, les m\u00e9thodes utilisant le <a href=\"http:\/\/www.ruralroads.org\/fr\/roadesignfr.html\">macadam,<\/a> le pav\u00e9, en pierre taill\u00e9e ou brique, et des mat\u00e9riaux autre que le bitume pour sceller la surface et ainsi prot\u00e9ger la fondation de la route. Ces surfaces sont plus durables et assurent la mobilit\u00e9 de tout v\u00e9hicule, motoris\u00e9 ou non, toute l&#8217;ann\u00e9e.<\/p>\n<p>Le <a href=\"http:\/\/www.gtkp.com\"><i>Global Transport Knowledge Partnership (gTKP) <\/i><\/a>dispose de d&#8217;une documentation abondante.<\/p>\n<div align=\"center\"><i>Contribu\u00e9 par Robert Petts, responsable du site: Transport rural<br \/>\nSee <a href=\"http:\/\/www.\" target=\"_blank\">link name<\/a><\/i><\/div>\n<\/div>\n","protected":false},"excerpt":{"rendered":"<p>\u00a0 Le gravier naturel offre une solution \u00e9conomique aux probl\u00e8mes d&#8217;accessibilit\u00e9 rurale dans de nombreux pays du tiers monde. Ce mat\u00e9riaux propose une option \u00e0 mi-chemin entre une surface en terre naturelle et l&#8217;inclusion d&#8217;une couche r\u00e9sistante, normalement bitumineuse. Le&hellip; <\/p>\n","protected":false},"author":2,"featured_media":0,"parent":0,"menu_order":0,"comment_status":"closed","ping_status":"closed","template":"","meta":{"_uag_custom_page_level_css":"","footnotes":""},"class_list":["post-901","page","type-page","status-publish","hentry"],"uagb_featured_image_src":{"full":false,"thumbnail":false,"medium":false,"medium_large":false,"large":false,"1536x1536":false,"2048x2048":false,"travelify-featured":false,"travelify-featured-medium":false,"travelify-slider":false,"travelify-gallery":false,"menu-24x24":false,"menu-36x36":false,"menu-48x48":false},"uagb_author_info":{"display_name":"jamesquigley","author_link":"https:\/\/ruralroads.org\/fr\/author\/jamesquigley\/"},"uagb_comment_info":0,"uagb_excerpt":"\u00a0 Le gravier naturel offre une solution \u00e9conomique aux probl\u00e8mes d&#8217;accessibilit\u00e9 rurale dans de nombreux pays du tiers monde. Ce mat\u00e9riaux propose une option \u00e0 mi-chemin entre une surface en terre naturelle et l&#8217;inclusion d&#8217;une couche r\u00e9sistante, normalement bitumineuse. Le&hellip;","jetpack_sharing_enabled":true,"_links":{"self":[{"href":"https:\/\/ruralroads.org\/fr\/wp-json\/wp\/v2\/pages\/901","targetHints":{"allow":["GET"]}}],"collection":[{"href":"https:\/\/ruralroads.org\/fr\/wp-json\/wp\/v2\/pages"}],"about":[{"href":"https:\/\/ruralroads.org\/fr\/wp-json\/wp\/v2\/types\/page"}],"author":[{"embeddable":true,"href":"https:\/\/ruralroads.org\/fr\/wp-json\/wp\/v2\/users\/2"}],"replies":[{"embeddable":true,"href":"https:\/\/ruralroads.org\/fr\/wp-json\/wp\/v2\/comments?post=901"}],"version-history":[{"count":0,"href":"https:\/\/ruralroads.org\/fr\/wp-json\/wp\/v2\/pages\/901\/revisions"}],"wp:attachment":[{"href":"https:\/\/ruralroads.org\/fr\/wp-json\/wp\/v2\/media?parent=901"}],"curies":[{"name":"wp","href":"https:\/\/api.w.org\/{rel}","templated":true}]}}