{"id":885,"date":"2016-01-22T21:59:22","date_gmt":"2016-01-22T21:59:22","guid":{"rendered":"http:\/\/ruralroads.org\/fra\/?page_id=885"},"modified":"2018-12-26T19:41:09","modified_gmt":"2018-12-26T19:41:09","slug":"choix-de-technologie-de-construction","status":"publish","type":"page","link":"https:\/\/ruralroads.org\/fr\/choix-de-technologie-de-construction\/","title":{"rendered":"Choix de technologie de construction**"},"content":{"rendered":"<div id=\"page-title\"><\/div>\n<p>&nbsp;<\/p>\n<div id=\"page-content\">\n<div align=\"center\"><img fetchpriority=\"high\" decoding=\"async\" class=\"\" src=\"http:\/\/www.ruralroads.org\/wp-content\/uploads\/images\/oldbull.jpg\" alt=\"Old bull\" width=\"307\" height=\"242\" \/><\/div>\n<h2><\/h2>\n<p align=\"left\">La construction routi\u00e8re implique surtout le d\u00e9placement des grandes volumes de terre sur des distances variant de quelques m\u00e8tres \u00e0 plus d&#8217;un kilom\u00e8tre. Les progr\u00e8s technologiques ont fourni aux ouvriers des outils de plus en plus performants pour soulever, transporter, et enfin r\u00e9pandre et mettre en forme la terre et le gravier.<\/p>\n<p>Cette <a href=\"http:\/\/ruralroads.org\/fr\/histoire-de-la-mecanisation-de-la-construction\/\">m\u00e9canisation de la construction<\/a> a dur\u00e9 cinquante ans. L&#8217;innovation a pris fin avant la deuxi\u00e8me guerre mondiale. Cette p\u00e9riode a vu la disparition des pelles, brouettes, et charrettes des chantiers au profit des engins tels que les niveleuses, bouteurs, d\u00e9capeuses et camions. En m\u00eame temps, on a vu le d\u00e9veloppement de techniques de gestion des grands chantiers. Une main-d&#8217;\u0153uvre rare et ch\u00e8re, la taille croissante des chantiers, des d\u00e9lais d&#8217;ex\u00e9cution serr\u00e9s (tributaires des montants de capital en jeu) et l&#8217;\u00e9mergence simultan\u00e9e de moteurs plus compacts et de moyens de transmission de la force motrice plus efficaces motivaient cette activit\u00e9 innovatrice. La technologie est maintenant en pleine maturit\u00e9 et vise \u00e0 maximiser la productivit\u00e9 de la main-d&#8217;\u0153uvre, dont le co\u00fbt horaire d\u00e9passe g\u00e9n\u00e9ralement 30 USD.<\/p>\n<p>Les conditions actuelles dans la plupart des pays en voie de d\u00e9veloppement ne ressemblent pas \u00e0 celles qui ont forc\u00e9 cette innovation technologique. Il est vrai que dans le pass\u00e9 la main-d&#8217;\u0153uvre \u00e9tait rare et relativement ch\u00e8re dans certains pays. On cite en exemple le Ghana, o\u00f9 le salaire d&#8217;un journalier non qualifi\u00e9 pendant les ann\u00e9es &#8217;50 fr\u00f4lait 0,60 USD, \u00e9quivalant \u00e0 un pouvoir d&#8217;achat actuel de 12 USD, loin du deux dollars par jour souvent cit\u00e9 aujourd\u2019hui. Ces salaires r\u00e9sultaient du besoin de modernisation urgente de l&#8217;infrastructure avant l&#8217;ind\u00e9pendance des ann\u00e9es cinquante. Cette urgence a aussi forc\u00e9 l&#8217;implantation des m\u00e9thodes m\u00e9canis\u00e9es. Cependant, suite \u00e0 la croissance d\u00e9mographique, la main-d&#8217;\u0153uvre est maintenant abondante presque partout. Les salaires r\u00e9els ont grandement diminu\u00e9 au point qu&#8217;ils d\u00e9passent rarement quelques dollars par jour.<\/p>\n<p>De plus, les chantiers routiers en milieu rural sont souvent petits et fort \u00e9loign\u00e9s. La mobilisation du mat\u00e9riel lourd est co\u00fbteuse, leur utilisation difficile dans des espaces restreintes (sans parler de la <a href=\"http:\/\/ruralroads.org\/fr\/protection-de-lenvironnement\/\">destruction environnementale<\/a>). Ils sont\u00a0 souvent en panne \u00e0 cause des retards r\u00e9sultant\u00a0 de leur approvisionnement difficile en carburant et pi\u00e8ces de rechange. Enfin, le mat\u00e9riel lourd accapare les devises \u00e9trang\u00e8res et prive ainsi les pays d&#8217;importations vitales.<\/p>\n<p>Les pays en voie de d\u00e9veloppement investissent donc actuellement dans une technologie destin\u00e9e au d\u00e9part \u00e0 minimiser l&#8217;emploi; ce qui est parfaitement illogique. Pour cette raison on privil\u00e9gie depuis vingt ans des techniques de construction routi\u00e8re qui favorisent la force des bras. Ceci ne veut pas dire un retour aux anciennes m\u00e9thodes. Ces techniques reposent plut\u00f4t sur la recherche d&#8217;une utilisation optimale de la main-d&#8217;\u0153uvre appuy\u00e9 par des engins, souvent mieux adapt\u00e9s, tout en appliquant des techniques modernes de gestion de chantier.<\/p>\n<p>La diffusion des <a href=\"http:\/\/ruralroads.org\/fr\/travaux-a-base-de-main-doeuvre\/\">m\u00e9thodes \u00e0 base de main-d&#8217;\u0153uvre<\/a> n&#8217;a pas \u00e9t\u00e9 facile. Les techniques de construction hautement m\u00e9canis\u00e9es sont bien ma\u00eetris\u00e9es, tandis que les m\u00e9thodes nouvelles, leur efficacit\u00e9 tributaire de la bonne gestion d&#8217;un nombre imposant d&#8217;ouvriers peu form\u00e9s, exigent une formation pouss\u00e9e sur le tas. De plus les pays qui devront profiter le plus de la cr\u00e9ation d&#8217;emploi disposent d\u00e9j\u00e0 de parcs importants de mat\u00e9riel lourd, cadeaux empoisonn\u00e9s des projets termin\u00e9s, maintenant souvent v\u00e9tustes et en fort mauvais \u00e9tat. On ne tient pas toujours compte dans les \u00e9valuations des co\u00fbts de leur productivit\u00e9 modeste,de leurs pannes fr\u00e9quents,\u00a0 ni des co\u00fbts de leur remplacement in\u00e9vitable, sans oublier leurs frais d&#8217;entretien. L&#8217;implantation des nouvelles techniques privil\u00e9giant l&#8217;emploi continuera d&#8217;exiger une grande d&#8217;ouverture d&#8217;esprit, ainsi que la volont\u00e9 ferme de r\u00e9sister aux nombreux groupes d&#8217;int\u00e9r\u00eats particuliers qui profitent du statu quo.<\/p>\n<\/div>\n","protected":false},"excerpt":{"rendered":"<p>&nbsp; La construction routi\u00e8re implique surtout le d\u00e9placement des grandes volumes de terre sur des distances variant de quelques m\u00e8tres \u00e0 plus d&#8217;un kilom\u00e8tre. Les progr\u00e8s technologiques ont fourni aux ouvriers des outils de plus en plus performants pour soulever,&hellip; <\/p>\n","protected":false},"author":3,"featured_media":0,"parent":0,"menu_order":0,"comment_status":"closed","ping_status":"closed","template":"","meta":{"_uag_custom_page_level_css":"","footnotes":""},"class_list":["post-885","page","type-page","status-publish","hentry"],"uagb_featured_image_src":{"full":false,"thumbnail":false,"medium":false,"medium_large":false,"large":false,"1536x1536":false,"2048x2048":false,"travelify-featured":false,"travelify-featured-medium":false,"travelify-slider":false,"travelify-gallery":false,"menu-24x24":false,"menu-36x36":false,"menu-48x48":false},"uagb_author_info":{"display_name":"davidtighe","author_link":"https:\/\/ruralroads.org\/fr\/author\/davidtighe\/"},"uagb_comment_info":0,"uagb_excerpt":"&nbsp; La construction routi\u00e8re implique surtout le d\u00e9placement des grandes volumes de terre sur des distances variant de quelques m\u00e8tres \u00e0 plus d&#8217;un kilom\u00e8tre. Les progr\u00e8s technologiques ont fourni aux ouvriers des outils de plus en plus performants pour soulever,&hellip;","jetpack_sharing_enabled":true,"_links":{"self":[{"href":"https:\/\/ruralroads.org\/fr\/wp-json\/wp\/v2\/pages\/885","targetHints":{"allow":["GET"]}}],"collection":[{"href":"https:\/\/ruralroads.org\/fr\/wp-json\/wp\/v2\/pages"}],"about":[{"href":"https:\/\/ruralroads.org\/fr\/wp-json\/wp\/v2\/types\/page"}],"author":[{"embeddable":true,"href":"https:\/\/ruralroads.org\/fr\/wp-json\/wp\/v2\/users\/3"}],"replies":[{"embeddable":true,"href":"https:\/\/ruralroads.org\/fr\/wp-json\/wp\/v2\/comments?post=885"}],"version-history":[{"count":3,"href":"https:\/\/ruralroads.org\/fr\/wp-json\/wp\/v2\/pages\/885\/revisions"}],"predecessor-version":[{"id":2136,"href":"https:\/\/ruralroads.org\/fr\/wp-json\/wp\/v2\/pages\/885\/revisions\/2136"}],"wp:attachment":[{"href":"https:\/\/ruralroads.org\/fr\/wp-json\/wp\/v2\/media?parent=885"}],"curies":[{"name":"wp","href":"https:\/\/api.w.org\/{rel}","templated":true}]}}