{"id":866,"date":"2016-01-22T21:35:48","date_gmt":"2016-01-22T21:35:48","guid":{"rendered":"http:\/\/ruralroads.org\/fra\/?page_id=866"},"modified":"2018-11-28T19:44:30","modified_gmt":"2018-11-28T19:44:30","slug":"questions-cles-2","status":"publish","type":"page","link":"https:\/\/ruralroads.org\/fr\/questions-cles-2\/","title":{"rendered":"Questions-cl\u00e9s"},"content":{"rendered":"<div id=\"page-title\"><\/div>\n<div id=\"page-content\">\n<div style=\"width: 301px\" class=\"wp-caption aligncenter\"><img fetchpriority=\"high\" decoding=\"async\" class=\"\" src=\"http:\/\/www.ruralroads.org\/wp-content\/uploads\/images\/drawing.jpg\" alt=\"d'apr\u00e8s l'oeuvre d'Alphonse et Julien Y\u00e8maji\u00e9, R\u00e9publique du B\u00e9nin. \" width=\"291\" height=\"224\" \/><p class=\"wp-caption-text\">d&#8217;apr\u00e8s l&#8217;oeuvre d&#8217;Alphonse et Julien Y\u00e8maji\u00e9, R\u00e9publique du B\u00e9nin.<\/p><\/div>\n<h5><a href=\"http:\/\/ruralroads.org\/fr\/mobilite-et-accessibilite\/\">L&#8217;acc\u00e8s aux services sera-t-il mieux assur\u00e9 par la construction routi\u00e8re?<\/a><\/h5>\n<p>On construit des routes pour faciliter le d\u00e9placement des gens. Cette construction est loin d&#8217;\u00eatre le seul moyen. Les planificateurs doivent donc s&#8217;assurer qu&#8217;il n&#8217;existe pas d&#8217;autres options pour rendre les services plus accessibles aux utilisateurs.<\/p>\n<h5 align=\"left\"><a href=\"http:\/\/ruralroads.org\/fr\/selection-de-routes-les-mieux-adaptees-au-besoins\/\">Quelles routes contribueront le plus \u00e0 rendre les services accessibles \u00e0 la population?<\/a><\/h5>\n<p>M\u00eame si l&#8217;on a pu confirmer que l&#8217;am\u00e9lioration du r\u00e9seau routier est la meilleure option, il reste que la construction et l&#8217;entretien des routes co\u00fbtent cher. Il faut donc utiliser des crit\u00e8res de s\u00e9lection et s&#8217;assurer de ne retenir que les plus viables.<\/p>\n<h5><a href=\"http:\/\/ruralroads.org\/fr\/quelle-type-de-route-est-le-mieux-adapte-aux-besoins\/\">Quel type de route est le mieux adapt\u00e9 aux besoins de la circulation anticip\u00e9e?<\/a><\/h5>\n<p>Le co\u00fbt d&#8217;une route augmente \u00e0 mesure qu&#8217;on am\u00e9liore la qualit\u00e9 de service qu&#8217;elle offre, c&#8217;est-\u00e0-dire, la possibilit\u00e9 de voyager plus \u00e9conomiquement et plus confortablement. Il faut \u00e9viter de trop investir, puisqu&#8217;on gaspille ainsi des fonds qu&#8217;on aurait pu autrement investir dans d&#8217;autres routes.<\/p>\n<h5><a href=\"http:\/\/ruralroads.org\/fr\/choix-de-technologie\/\">Quelles techniques privil\u00e9gier pour la construction et l&#8217;entretien?<\/a><\/h5>\n<p>Les m\u00e9thodes de construction conventionnelles sont tr\u00e8s m\u00e9canis\u00e9es afin d&#8217;\u00e9conomiser sur la main-d&#8217;\u0153uvre. Elles exigent un apport consid\u00e9rable en capital et en devises \u00e9trang\u00e8res, de plus en plus rares dans un grand nombre de pays. Il est donc souhaitable de faire appel aux <a href=\"http:\/\/ruralroads.org\/fr\/travaux-a-base-de-main-doeuvre\/\"> techniques<\/a> qui cherchent \u00e0 maximiser la contribution de la main d&#8217;oeuvre locale et ainsi g\u00e9n\u00e9rer des emplois.<\/p>\n<h5 align=\"left\"><a href=\"http:\/\/ruralroads.org\/fr\/financement\/\">Comment s&#8217;assurer que ceux qui doivent g\u00e9rer et entretenir le r\u00e9seau disposent des connaissances et les fonds n\u00e9cessaires?<\/a><\/h5>\n<p>Une fois le r\u00e9seau en place, il faudra aussi des structures de gestion, de financement et d&#8217;ex\u00e9cution de l&#8217;entretien, puisque, sans elles, les routes se d\u00e9graderont rapidement sous l&#8217;action combin\u00e9e du temps et de la circulation.<\/p>\n<p><a href=\"http:\/\/www.ruralroads.org\/fr\/faqsfr.shtml#top\"><img decoding=\"async\" src=\"http:\/\/www.ruralroads.org\/wp-content\/uploads\/images\/top.gif\" alt=\"top of page\" width=\"30\" height=\"28\" border=\"0\" \/><\/a><\/p>\n<\/div>\n","protected":false},"excerpt":{"rendered":"<p>L&#8217;acc\u00e8s aux services sera-t-il mieux assur\u00e9 par la construction routi\u00e8re? On construit des routes pour faciliter le d\u00e9placement des gens. Cette construction est loin d&#8217;\u00eatre le seul moyen. Les planificateurs doivent donc s&#8217;assurer qu&#8217;il n&#8217;existe pas d&#8217;autres options pour rendre&hellip; <\/p>\n","protected":false},"author":2,"featured_media":0,"parent":0,"menu_order":0,"comment_status":"closed","ping_status":"closed","template":"","meta":{"_uag_custom_page_level_css":"","footnotes":""},"class_list":["post-866","page","type-page","status-publish","hentry"],"uagb_featured_image_src":{"full":false,"thumbnail":false,"medium":false,"medium_large":false,"large":false,"1536x1536":false,"2048x2048":false,"travelify-featured":false,"travelify-featured-medium":false,"travelify-slider":false,"travelify-gallery":false,"menu-24x24":false,"menu-36x36":false,"menu-48x48":false},"uagb_author_info":{"display_name":"jamesquigley","author_link":"https:\/\/ruralroads.org\/fr\/author\/jamesquigley\/"},"uagb_comment_info":0,"uagb_excerpt":"L&#8217;acc\u00e8s aux services sera-t-il mieux assur\u00e9 par la construction routi\u00e8re? On construit des routes pour faciliter le d\u00e9placement des gens. Cette construction est loin d&#8217;\u00eatre le seul moyen. Les planificateurs doivent donc s&#8217;assurer qu&#8217;il n&#8217;existe pas d&#8217;autres options pour rendre&hellip;","jetpack_sharing_enabled":true,"_links":{"self":[{"href":"https:\/\/ruralroads.org\/fr\/wp-json\/wp\/v2\/pages\/866","targetHints":{"allow":["GET"]}}],"collection":[{"href":"https:\/\/ruralroads.org\/fr\/wp-json\/wp\/v2\/pages"}],"about":[{"href":"https:\/\/ruralroads.org\/fr\/wp-json\/wp\/v2\/types\/page"}],"author":[{"embeddable":true,"href":"https:\/\/ruralroads.org\/fr\/wp-json\/wp\/v2\/users\/2"}],"replies":[{"embeddable":true,"href":"https:\/\/ruralroads.org\/fr\/wp-json\/wp\/v2\/comments?post=866"}],"version-history":[{"count":1,"href":"https:\/\/ruralroads.org\/fr\/wp-json\/wp\/v2\/pages\/866\/revisions"}],"predecessor-version":[{"id":2184,"href":"https:\/\/ruralroads.org\/fr\/wp-json\/wp\/v2\/pages\/866\/revisions\/2184"}],"wp:attachment":[{"href":"https:\/\/ruralroads.org\/fr\/wp-json\/wp\/v2\/media?parent=866"}],"curies":[{"name":"wp","href":"https:\/\/api.w.org\/{rel}","templated":true}]}}