{"id":830,"date":"2017-08-27T21:18:08","date_gmt":"2017-08-27T21:18:08","guid":{"rendered":"http:\/\/ruralroads.org\/fra\/?page_id=830"},"modified":"2020-08-11T17:53:18","modified_gmt":"2020-08-11T17:53:18","slug":"histoire-de-la-bicyclette","status":"publish","type":"page","link":"https:\/\/ruralroads.org\/fr\/histoire-de-la-bicyclette\/","title":{"rendered":"Histoire de la bicyclette**"},"content":{"rendered":"<p>&nbsp;<\/p>\n<p><a href=\"http:\/\/ruralroads.org\/wp-content\/uploads\/images\/2015\/12\/First-image-e1448985829437.jpg\"><img fetchpriority=\"high\" decoding=\"async\" class=\"size-medium wp-image-856 aligncenter\" src=\"https:\/\/i1.wp.com\/ruralroads.org\/fr\/wp-content\/uploads\/sites\/7\/2020\/05\/First-image-e1448985829437_b348qg_eh81g0_ypawcf.jpg?fit=1659%2C941&#038;ssl=1\" alt=\"First image\" width=\"300\" height=\"170\" srcset=\"https:\/\/ruralroads.org\/fr\/wp-content\/uploads\/sites\/7\/2020\/05\/First-image-e1448985829437_b348qg_eh81g0_ypawcf.jpg 1659w, https:\/\/ruralroads.org\/fr\/wp-content\/uploads\/sites\/7\/2020\/05\/First-image-e1448985829437_b348qg_eh81g0_ypawcf-768x436.jpg 768w\" sizes=\"(max-width: 300px) 100vw, 300px\" \/><\/a>Voici la premi\u00e8re image d\u2019une bicyclette en date du 17 si\u00e8cle. Elle se trouve dans une \u00e9glise anglaise. Peut-\u00eatre elle est bien adapt\u00e9e aux transports c\u00e9lestes, mais l\u2019ange semble ignorant du principe.<\/p>\n<p>En 1818 <a href=\"https:\/\/fr.wikipedia.org\/wiki\/Nic%C3%A9phore_Ni%C3%A9pce\">Niepce <\/a>a con\u00e7u cet anc\u00eatre de la bicyclette maintenant au mus\u00e9e. <a href=\"http:\/\/ruralroads.org\/wp-content\/uploads\/images\/2015\/11\/niepce-bike-1818-e1448741420692.jpg\"><img decoding=\"async\" class=\"wp-image-848 alignright\" src=\"https:\/\/ruralroads.org\/fr\/wp-content\/uploads\/sites\/7\/2020\/05\/niepce-bike-1818-e1448741420692_kykpcn_vd10jd_opxrkc-768x549.jpg\" alt=\"niepce bike 1818\" width=\"209\" height=\"150\" srcset=\"https:\/\/ruralroads.org\/fr\/wp-content\/uploads\/sites\/7\/2020\/05\/niepce-bike-1818-e1448741420692_kykpcn_vd10jd_opxrkc-768x549.jpg 768w, https:\/\/ruralroads.org\/fr\/wp-content\/uploads\/sites\/7\/2020\/05\/niepce-bike-1818-e1448741420692_kykpcn_vd10jd_opxrkc-474x342.jpg 474w, https:\/\/ruralroads.org\/fr\/wp-content\/uploads\/sites\/7\/2020\/05\/niepce-bike-1818-e1448741420692_kykpcn_vd10jd_opxrkc.jpg 800w\" sizes=\"(max-width: 209px) 100vw, 209px\" \/><\/a>Elle n\u2019a pas soulev\u00e9 imm\u00e9diatement l\u2019int\u00e9r\u00eat en France. En Angleterre cependant le v\u00e9locip\u00e8de a fait fureur parmi la jeunesse dor\u00e9e pendant les ann\u00e9es 1820 au point que les promeneurs dans les parcs hupp\u00e9s londoniens craignaient pour leur vie. Ensuite elle est tomb\u00e9e temporairement dans l\u2019oubli.<\/p>\n<p><a href=\"http:\/\/ruralroads.org\/wp-content\/uploads\/images\/2015\/11\/bikevelocipede-e1448740414460.jpg\"><img decoding=\"async\" class=\"wp-image-843 aligncenter\" src=\"https:\/\/ruralroads.org\/fr\/wp-content\/uploads\/sites\/7\/2020\/05\/bikevelocipede-e1448740414460_myjroy_kibfme_iqpj3m.jpg\" alt=\"bikevelocipede\" width=\"269\" height=\"183\" srcset=\"https:\/\/ruralroads.org\/fr\/wp-content\/uploads\/sites\/7\/2020\/05\/bikevelocipede-e1448740414460_myjroy_kibfme_iqpj3m.jpg 1623w, https:\/\/ruralroads.org\/fr\/wp-content\/uploads\/sites\/7\/2020\/05\/bikevelocipede-e1448740414460_myjroy_kibfme_iqpj3m-768x522.jpg 768w\" sizes=\"(max-width: 269px) 100vw, 269px\" \/><\/a>N\u00e9anmoins les Fran\u00e7ais continuait plus prosa\u00efquement son d\u00e9veloppement. En 1868 <a href=\"https:\/\/fr.wikipedia.org\/wiki\/Pierre_Michaux\">les fr\u00e8res Michaux <\/a>avait constat\u00e9( sans doute au prix de quelques blessures) que cet engin, si propuls\u00e9 \u00e0 une vitesse mod\u00e9r\u00e9e, pouvait garder son \u00e9quilibre ind\u00e9finiment. On a donc mont\u00e9 des p\u00e9dales, en quelque sorte un levier sur l\u2019essieu avant. Ils ont ensuite engag\u00e9 300 ouvriers pour la fabrication \u00e0 grande \u00e9chelle. Leur grand usine parisienne avoisinait l\u2019Arc de triomphe. Il n\u2019existe plus, bien entendu.<\/p>\n<p>Les intr\u00e9pides et les sportifs regrettaient sa lenteur et les fabricants cherchaient une solution. <a href=\"http:\/\/ruralroads.org\/wp-content\/uploads\/images\/2015\/11\/penny-farthing-1884-e1448741171117.jpg\"><img loading=\"lazy\" decoding=\"async\" class=\"wp-image-847 alignright\" src=\"https:\/\/ruralroads.org\/fr\/wp-content\/uploads\/sites\/7\/2020\/05\/penny-farthing-1884-e1448741171117_qyq0z6_sdwahr_strufw.jpg\" alt=\"penny farthing 1884\" width=\"158\" height=\"211\" srcset=\"https:\/\/ruralroads.org\/fr\/wp-content\/uploads\/sites\/7\/2020\/05\/penny-farthing-1884-e1448741171117_qyq0z6_sdwahr_strufw.jpg 783w, https:\/\/ruralroads.org\/fr\/wp-content\/uploads\/sites\/7\/2020\/05\/penny-farthing-1884-e1448741171117_qyq0z6_sdwahr_strufw-768x1026.jpg 768w\" sizes=\"(max-width: 158px) 100vw, 158px\" \/><\/a>Peu brillant, ils ont opt\u00e9 pour l\u2019augmentation de la diam\u00e8tre roue. De 0,80 cm en 1868, on la trouve \u00e0 1,40m en 1871. La vitesse augmentait certes mais aussi le poids ce que g\u00eanait sans doute l\u2019acc\u00e9l\u00e9ration et sans doute sa ralentissement. Heureusement, la roue se trouvait grandement all\u00e9g\u00e9e par l\u2019emploi des rayons en fil de fer mince mont\u00e9s tangentiellement sur le moellon.<\/p>\n<p>Le diam\u00e8tre augmentait rapidement. \u00c0 1,70m en 1878 et, sur les bicyclettes de course, \u00e0 2,3 m. Cette tendance \u00e9tait frein\u00e9e par une hausse de la fr\u00e9quence des accidents graves, non seulement \u00e0 cause de l\u2019altitude du cycliste mais aussi parce que le centre de gravit\u00e9 de l\u2019ensemble \u00e9tait d\u00e9plac\u00e9 vers le sommet de la roue avant. L\u2019application du frein, directement sous le cycliste, le projetait dans les airs \u00e0 une vitesse consid\u00e9rable.<\/p>\n<div id=\"attachment_842\" style=\"width: 261px\" class=\"wp-caption alignright\"><a href=\"http:\/\/ruralroads.org\/wp-content\/uploads\/images\/2015\/11\/bikes-inger-18891-e1448739415574.jpg\"><img loading=\"lazy\" decoding=\"async\" aria-describedby=\"caption-attachment-842\" class=\"wp-image-842\" src=\"https:\/\/ruralroads.org\/fr\/wp-content\/uploads\/sites\/7\/2020\/05\/bikes-inger-18891-e1448739415574_xbr8nf_otcpii_qta8uh-768x537.jpg\" alt=\"\" width=\"251\" height=\"175\" srcset=\"https:\/\/ruralroads.org\/fr\/wp-content\/uploads\/sites\/7\/2020\/05\/bikes-inger-18891-e1448739415574_xbr8nf_otcpii_qta8uh-768x537.jpg 768w, https:\/\/ruralroads.org\/fr\/wp-content\/uploads\/sites\/7\/2020\/05\/bikes-inger-18891-e1448739415574_xbr8nf_otcpii_qta8uh.jpg 794w\" sizes=\"(max-width: 251px) 100vw, 251px\" \/><\/a><p id=\"caption-attachment-842\" class=\"wp-caption-text\">Bicylette <a href=\"http:\/\/the-safety-bicycle.antique-bicycles.net\/\">Singer &#8220;Safety&#8221; <\/a>1889<\/p><\/div>\n<p>Il fallait donc revoir ce levier sur le moellon afin qu\u2019on puisse propulser la machine toute en assurant autant la s\u00e9curit\u00e9 que la vitesse. Suite \u00e0 quelques erreurs on a opt\u00e9 pour la conversion de la roue arri\u00e8re en propulseur, activ\u00e9 par une cha\u00eene qui reliait deux pignons. Les p\u00e9dales furent fix\u00e9es \u00e0 celui d\u2019avant, \u00e9videmment plus grand afin de multiplier les tours de la roue motrice. La bicyclette devenait ainsi un moyen de transport s\u00e9rieux (du fait, le plus rapide sur les routes de l\u2019\u00e9poque). Le confort manquait, vu l\u2019\u00e9tat de ces routes.<\/p>\n<p>Le v\u00e9lo fournissait un levier puissant pour le changement social. La campagne devenait facilement accessible aux citadins et la mobilit\u00e9 des gens en milieu rural augmentait dramatiquement, autant pour les loisirs que le travail. On faisait pression sur les autorit\u00e9s pour que les chauss\u00e9es soient en macadam, afin d\u2019am\u00e9liorer le confort et \u00e9liminer les nuages de poussi\u00e8re. L\u2019automobile, qui faisait son entr\u00e9e discr\u00e8tement sur sc\u00e8ne en m\u00eame temps, en profitait. Les femmes pouvaient se promenait en termes \u00e9gaux avec les hommes, lib\u00e9r\u00e9s de leur chaperonnes. De fait, le pratique du v\u00e9lo aplatissait les diff\u00e9rences, autant pour les classes sociales que pour les femmes. Votre richesse ou votre classes sociale comptait pour peu confronter par une pente raide ou une crevaison. Enfin, les courses fournissaient une voie vers la richesse pour plusieurs et leur entretien des milliers d\u2019emplois relativement bien pay\u00e9s.<\/p>\n<p>Avec l\u2019arriv\u00e9e sur sc\u00e8ne des pneumatiques vers 1888 et, bien entendu, le trousse de r\u00e9paration des crevaisons, le v\u00e9lo est devenu une force puissante de changement social. La roue libre, moins vital comme moyen de freinage suppl\u00e9mentaire une fois que les freins pouvaient agir sur les deux c\u00f4t\u00e9s de la roue \u00e0 la place du pneu, se g\u00e9n\u00e9raliser au d\u00e9but du si\u00e8cle. Les vitesses multiples (cadeau du ciel) suivaient quelques ann\u00e9es plus tard. Le v\u00e9lo, similaire \u00e0 celle-ci de 1935, assura<a href=\"http:\/\/ruralroads.org\/wp-content\/uploads\/images\/2015\/11\/bike-1936-e1448554545192.jpg\"><img loading=\"lazy\" decoding=\"async\" class=\"wp-image-840 alignright\" src=\"https:\/\/ruralroads.org\/fr\/wp-content\/uploads\/sites\/7\/2020\/05\/bike-1936-e1448554545192_lohpau_mdq1gd_p76m6p.jpg\" width=\"300\" height=\"164\" srcset=\"https:\/\/ruralroads.org\/fr\/wp-content\/uploads\/sites\/7\/2020\/05\/bike-1936-e1448554545192_lohpau_mdq1gd_p76m6p.jpg 1023w, https:\/\/ruralroads.org\/fr\/wp-content\/uploads\/sites\/7\/2020\/05\/bike-1936-e1448554545192_lohpau_mdq1gd_p76m6p-768x420.jpg 768w\" sizes=\"(max-width: 300px) 100vw, 300px\" \/><\/a>it le transport d\u2019une tr\u00e8s grande proportion des personnes avant que la voiture priv\u00e9e commen\u00e7ait \u00e0 s\u2019installait d\u00e9finitivement pendant les ann\u00e9es \u201950.<\/p>\n<p>L\u2019\u00e9rosion du r\u00f4le dominant de la bicyclette au niveau de la mobilit\u00e9 collective commen\u00e7ait au d\u00e9but du vingti\u00e8me si\u00e8cle d\u00fb \u00e0 l\u2019utilisation grandissante des moteurs \u00e0 combustion, maintenant fiables, autant pour les transports individuels que collectifs. Elles \u00e9taient r\u00e9duites au niveau des jouets d\u2019enfants en Am\u00e9rique du nord par la prosp\u00e9rit\u00e9 croissante des ann\u00e9es \u201950. Par contre, en Europe, plus \u00e9prouv\u00e9 par la guerre, le v\u00e9lo continuait \u00e0 assurer la mobilit\u00e9 des masses. Mais l\u00e0 aussi la voiture assumait inexorablement son r\u00f4le dominant et les plans d\u2019urbanisme de l\u2019\u00e9poque se pr\u00e9occupaient exclusivement de la facilitation des flux de circulation motoris\u00e9e aux d\u00e9pens des v\u00e9los et m\u00eame des pi\u00e9tons.<\/p>\n<p>Cette approche commen\u00e7ait \u00eatre mise en question dans les ann\u00e9es \u201970. Les villes, surtout en Am\u00e9rique du nord, risquaient \u00e0 devenir invivables, pollu\u00e9es, dangereuses et laides. Les citadins s\u2019\u00e9vadaient vers les banlieues lointaines, augmentant ainsi la circulation automobile, matin et soir. Des espaces d\u00e9labr\u00e9s entouraient les centres-villes ultra-modernes mais sans \u00e2me. La vision utilitaire de la ville se modifiait lentement. En Europe, on commen\u00e7ait \u00e0 valoriser le v\u00e9lo comme moyen de transport non polluant, \u00e9conome, et sain. En m\u00eame temps, on r\u00e9habilitait les pistes cyclables et les r\u00e9seaux de transport collectifs et tentait, avec un courage politique tr\u00e8s variable, \u00e0 d\u00e9courager l\u2019emploi des v\u00e9hicules moteurs. Ce processus est plus lent en Am\u00e9rique du nord. Ici la voiture priv\u00e9e est plus enracin\u00e9e, r\u00e9sultat de l\u2019am\u00e9nagement spatial des villes, dict\u00e9 par ses exigences, et son histoire comme moyen de transport incontournable plus ancien. Cependant le concept du transport actif fait son chemin.<\/p>\n<p>Maintenant, c\u2019est la s\u00e9curit\u00e9 des cyclistes et pi\u00e9tons que doit \u00eatre prioritaire. Ceci n\u2019est point nouveau. Dans le pass\u00e9, leurs adversaires \u00e9taient les v\u00e9hicules \u00e0 cheval indisciplin\u00e9s sans oublier les voitures erratiques quoique lentes. Dans nos jours, ils doivent faire face \u00e0 la circulation rapide ainsi que les gros camions souvent ignorants de leur proximit\u00e9. La construction des r\u00e9seaux s\u00e9par\u00e9s de la circulation automobile alli\u00e9e aux restrictions sur le comportement des v\u00e9hicules exige l\u2019engagement politique hautement variable, autant au niveau des diff\u00e9rentes villes que d\u2019une \u00e9lection \u00e0 l\u2019autre.<\/p>\n","protected":false},"excerpt":{"rendered":"<p>&nbsp; Voici la premi\u00e8re image d\u2019une bicyclette en date du 17 si\u00e8cle. Elle se trouve dans une \u00e9glise anglaise. Peut-\u00eatre elle est bien adapt\u00e9e aux transports c\u00e9lestes, mais l\u2019ange semble ignorant du principe. En 1818 Niepce a con\u00e7u cet anc\u00eatre&hellip; <\/p>\n","protected":false},"author":3,"featured_media":0,"parent":0,"menu_order":0,"comment_status":"closed","ping_status":"closed","template":"","meta":{"_uag_custom_page_level_css":"","footnotes":""},"class_list":["post-830","page","type-page","status-publish","hentry"],"uagb_featured_image_src":{"full":false,"thumbnail":false,"medium":false,"medium_large":false,"large":false,"1536x1536":false,"2048x2048":false,"travelify-featured":false,"travelify-featured-medium":false,"travelify-slider":false,"travelify-gallery":false,"menu-24x24":false,"menu-36x36":false,"menu-48x48":false},"uagb_author_info":{"display_name":"davidtighe","author_link":"https:\/\/ruralroads.org\/fr\/author\/davidtighe\/"},"uagb_comment_info":0,"uagb_excerpt":"&nbsp; Voici la premi\u00e8re image d\u2019une bicyclette en date du 17 si\u00e8cle. Elle se trouve dans une \u00e9glise anglaise. Peut-\u00eatre elle est bien adapt\u00e9e aux transports c\u00e9lestes, mais l\u2019ange semble ignorant du principe. En 1818 Niepce a con\u00e7u cet anc\u00eatre&hellip;","jetpack_sharing_enabled":true,"_links":{"self":[{"href":"https:\/\/ruralroads.org\/fr\/wp-json\/wp\/v2\/pages\/830","targetHints":{"allow":["GET"]}}],"collection":[{"href":"https:\/\/ruralroads.org\/fr\/wp-json\/wp\/v2\/pages"}],"about":[{"href":"https:\/\/ruralroads.org\/fr\/wp-json\/wp\/v2\/types\/page"}],"author":[{"embeddable":true,"href":"https:\/\/ruralroads.org\/fr\/wp-json\/wp\/v2\/users\/3"}],"replies":[{"embeddable":true,"href":"https:\/\/ruralroads.org\/fr\/wp-json\/wp\/v2\/comments?post=830"}],"version-history":[{"count":38,"href":"https:\/\/ruralroads.org\/fr\/wp-json\/wp\/v2\/pages\/830\/revisions"}],"predecessor-version":[{"id":2303,"href":"https:\/\/ruralroads.org\/fr\/wp-json\/wp\/v2\/pages\/830\/revisions\/2303"}],"wp:attachment":[{"href":"https:\/\/ruralroads.org\/fr\/wp-json\/wp\/v2\/media?parent=830"}],"curies":[{"name":"wp","href":"https:\/\/api.w.org\/{rel}","templated":true}]}}