{"id":1854,"date":"2017-05-04T19:02:46","date_gmt":"2017-05-04T19:02:46","guid":{"rendered":"http:\/\/ruralroads.org\/fr\/?page_id=1854"},"modified":"2018-11-25T19:21:42","modified_gmt":"2018-11-25T19:21:42","slug":"qui-doit-lentretenir","status":"publish","type":"page","link":"https:\/\/ruralroads.org\/fr\/qui-doit-lentretenir\/","title":{"rendered":"L&#8217;entretien des routes rurales**"},"content":{"rendered":"<p align=\"left\">John Macadam, \u00e0 qui on doit la <a href=\"http:\/\/ruralroads.org\/fr\/histoire-de-la-conception-routiere\/\">m\u00e9thode de construction <\/a>qui porte encore son nom, a \u00e9t\u00e9 le premier \u00e0 formuler les principes de base d&#8217;une bonne gestion de l&#8217;entretien routier. Il a d&#8217;abord soulign\u00e9 le r\u00f4le important de coordination et supervision que doit jouer le gouvernement central et, ensuite, que les gestionnaires devraient \u00eatre bien form\u00e9s et pay\u00e9s des salaires concurrentiels. Sa remarque \u00e0 cet \u00e9gard est fort pertinente aujourd&#8217;hui: &#8220;les services gratuits ne sont jamais \u00e0 la hauteur de nos attentes&#8221; Ensuite, il faut appliquer des crit\u00e8res de comp\u00e9tence \u00e0 la s\u00e9lection des ouvriers et leur assurer ensuite un salaire ad\u00e9quat, de pr\u00e9f\u00e9rence \u00e0 la pi\u00e8ce (c&#8217;est-\u00e0-dire, par tron\u00e7on de route de quelques kilom\u00e9tr\u00e9s entretenu annuellement). Enfin, l&#8217;imputabilit\u00e9 est mieux assur\u00e9e par ce syst\u00e8me de cantonnage. En r\u00e9sum\u00e9, Macadam pr\u00f4nait une bonne organisation de l&#8217;entretien, autonome au niveau local, reposant sur la responsabilit\u00e9 personnelle et un suivi serr\u00e9.<\/p>\n<p>Ces principes, formul\u00e9s il y a presque deux cents ans, sont encore pertinents aujourd&#8217;hui. Rappelons que l&#8217;entretien pr\u00e9ventif concerne surtout la <a href=\"http:\/\/ruralroads.org\/fr\/protection-de-lenvironnement\/\">gestion de l&#8217;eau.<\/a> Il faut \u00e9vacuer aussi vite que possible l&#8217;eau de la couche de roulement de la route avant le ramollissement de la surface et que les infiltrations n&#8217;endommagent irr\u00e9versiblement les couches inf\u00e9rieures. Il faut donc emp\u00eacher l&#8217;accumulation d&#8217;eau sur les terrains plats en remplissant nids de poule et orni\u00e8res et intervenir t\u00f4t pour arr\u00eater la formation du ravinement longitudinal et lat\u00e9ral par l&#8217;\u00e9nergie destructrice de l&#8217;eau en mouvement. Il faut restaurer le profil convexe de la couche de roulement et nettoyer foss\u00e9s et buses avant qu&#8217;ils se bloquent et renvoient l&#8217;eau \u00e0 la surface.<\/p>\n<p>Il ne suffit pas d&#8217;engager des cantonniers. Il faut aussi assurer une supervision serr\u00e9e, un approvisionnement r\u00e9gulier en mat\u00e9riaux et outils et un contr\u00f4le de qualit\u00e9 par des inspections fr\u00e9quentes. Parfois, il faudra faire appel \u00e0 des renforts, dans le cas, disons, d&#8217;un glissement de terrain. Donc, un contrema\u00eetre par \u00e9quipe ou par tron\u00e7on, bien form\u00e9 et disposant d&#8217;un moyen de transport, est essentiel.<\/p>\n<p>Les <a href=\"http:\/\/ruralroads.org\/fr\/appui-aux-petites-enterprises-de-construction\/\">entrepreneurs<\/a> fournissant ces services devront r\u00e9pondre \u00e0 une structure qui poss\u00e8de les ressources techniques et en gestion n\u00e9cessaires \u00e0 la r\u00e9daction et ensuite \u00e0 l&#8217;application des clauses contractuelles. Enfin, cette unit\u00e9 de gestion doit elle-m\u00eame rendre des comptes \u00e0 un comit\u00e9 repr\u00e9sentatif des utilisateurs.<\/p>\n<p>Un tel syst\u00e8me d&#8217;entretien ne peut \u00eatre g\u00e9r\u00e9 au niveau du gouvernement central, le r\u00e9seau rural \u00e9tant trop \u00e9loign\u00e9 et extensif. Il est rare que le minist\u00e8re responsable connaisse l&#8217;\u00e9tat de son r\u00e9seau ou m\u00eame si une route donn\u00e9e est encore praticable (sans entretien ces routes disparaissent apr\u00e8s quelques ann\u00e9es). N\u00e9anmoins, l&#8217;implication du gouvernement central est essentielle pour assurer un environnement l\u00e9gislatif coh\u00e9rent et qui joue un r\u00f4le de soutien. Il faut donc d\u00e9centraliser la gestion au niveau appropri\u00e9. On profitera des structures d\u00e9centralis\u00e9es existantes, sinon, il faudra mettre en place des structures provisoires en collaboration avec des groupements locaux int\u00e9ress\u00e9s par l&#8217;\u00e9tat du r\u00e9seau. Ces structures doivent \u00eatre susceptibles d&#8217;\u00eatre assimil\u00e9es lors d&#8217;une d\u00e9centralisation \u00e9ventuelle.<\/p>\n<p>On souligne que la structure id\u00e9ale pour la gestion de l&#8217;entretien n&#8217;existe pas encore. Les combinaisons sont multiples et impliquent le gouvernement central et r\u00e9gional, les organisations locales formelles et informelles et les entreprises de construction et de transport. Il faut d\u00e9finir la structure par des n\u00e9gociations lors de la planification, pour assurer une transition facile entre l&#8217;\u00e9tape de construction et celle de l&#8217;entretien et conserver les acquis en formation et renforcement institutionnel. On souligne \u00e0 cet \u00e9gard l&#8217;interd\u00e9pendance entre l&#8217;entretien pr\u00e9ventif et les <a href=\"http:\/\/ruralroads.org\/fr\/choix-de-technologie-de-construction\/\">m\u00e9thodes de construction \u00e0 base de main-d&#8217;oeuvre<\/a>. Si l&#8217;on privil\u00e9gie au d\u00e9part les m\u00e9thodes conventionnelles pour la construction, la transition sera malais\u00e9e.<\/p>\n","protected":false},"excerpt":{"rendered":"<p>John Macadam, \u00e0 qui on doit la m\u00e9thode de construction qui porte encore son nom, a \u00e9t\u00e9 le premier \u00e0 formuler les principes de base d&#8217;une bonne gestion de l&#8217;entretien routier. Il a d&#8217;abord soulign\u00e9 le r\u00f4le important de coordination&hellip; <\/p>\n","protected":false},"author":3,"featured_media":0,"parent":0,"menu_order":0,"comment_status":"closed","ping_status":"closed","template":"","meta":{"_uag_custom_page_level_css":"","footnotes":""},"class_list":["post-1854","page","type-page","status-publish","hentry"],"uagb_featured_image_src":{"full":false,"thumbnail":false,"medium":false,"medium_large":false,"large":false,"1536x1536":false,"2048x2048":false,"travelify-featured":false,"travelify-featured-medium":false,"travelify-slider":false,"travelify-gallery":false,"menu-24x24":false,"menu-36x36":false,"menu-48x48":false},"uagb_author_info":{"display_name":"davidtighe","author_link":"https:\/\/ruralroads.org\/fr\/author\/davidtighe\/"},"uagb_comment_info":0,"uagb_excerpt":"John Macadam, \u00e0 qui on doit la m\u00e9thode de construction qui porte encore son nom, a \u00e9t\u00e9 le premier \u00e0 formuler les principes de base d&#8217;une bonne gestion de l&#8217;entretien routier. Il a d&#8217;abord soulign\u00e9 le r\u00f4le important de coordination&hellip;","jetpack_sharing_enabled":true,"_links":{"self":[{"href":"https:\/\/ruralroads.org\/fr\/wp-json\/wp\/v2\/pages\/1854","targetHints":{"allow":["GET"]}}],"collection":[{"href":"https:\/\/ruralroads.org\/fr\/wp-json\/wp\/v2\/pages"}],"about":[{"href":"https:\/\/ruralroads.org\/fr\/wp-json\/wp\/v2\/types\/page"}],"author":[{"embeddable":true,"href":"https:\/\/ruralroads.org\/fr\/wp-json\/wp\/v2\/users\/3"}],"replies":[{"embeddable":true,"href":"https:\/\/ruralroads.org\/fr\/wp-json\/wp\/v2\/comments?post=1854"}],"version-history":[{"count":3,"href":"https:\/\/ruralroads.org\/fr\/wp-json\/wp\/v2\/pages\/1854\/revisions"}],"predecessor-version":[{"id":2152,"href":"https:\/\/ruralroads.org\/fr\/wp-json\/wp\/v2\/pages\/1854\/revisions\/2152"}],"wp:attachment":[{"href":"https:\/\/ruralroads.org\/fr\/wp-json\/wp\/v2\/media?parent=1854"}],"curies":[{"name":"wp","href":"https:\/\/api.w.org\/{rel}","templated":true}]}}